{"id":7687,"date":"2024-02-12T11:08:39","date_gmt":"2024-02-12T10:08:39","guid":{"rendered":"https:\/\/www.dogaparts.es\/?page_id=7687"},"modified":"2024-02-12T11:09:44","modified_gmt":"2024-02-12T10:09:44","slug":"aviso-legal","status":"publish","type":"page","link":"https:\/\/www.dogaparts.es\/it\/inizio\/aviso-legal\/","title":{"rendered":"AVVISO LEGALE"},"content":{"rendered":"<ol>\n<li><strong>Introduzione<\/strong><\/li>\n<\/ol>\n<p>Il presente sito web (di seguito, il &#8220;Sito Web&#8221;) \u00e8 di propriet\u00e0 di <u>DOGA PARTS, SL.<\/u>, con P.IVA B58623760, con sede legale in Avinguda de la Tecnolog\u00eda, 4, 08719 Castellol\u00ed (Barcellona) e registrata presso il Registro Mercantil di Barcellona, Volume 40341, Foglio 166, Sezione 8, Foglio B 40703.<\/p>\n<p>Per contattare DOGA, \u00e8 possibile farlo all&#8217;indirizzo info@dogaparts.es<\/p>\n<ol start=\"2\">\n<li><strong>Oggetto, ambito di applicazione e durata.<\/strong><\/li>\n<\/ol>\n<p>Il presente Avviso Legale regola l&#8217;uso del Sito Web, nonch\u00e9 il suo accesso, navigazione e, in generale, il rapporto del titolare del Sito Web con chiunque vi acceda (di seguito, riferito singolarmente come l&#8217;Utente o collettivamente come gli Utenti).<\/p>\n<p>Il Sito Web fornisce agli Utenti informazioni generali su DOGA PARTS e le sue attivit\u00e0 (di seguito, il Contenuto), tutto ci\u00f2 in conformit\u00e0 al presente Avviso Legale.<\/p>\n<p>L&#8217;accesso a determinati contenuti o servizi che potrebbero essere forniti in futuro potrebbe essere soggetto al rispetto di condizioni particolari che, a seconda dei casi, sostituiranno, integreranno e\/o modificheranno le presenti condizioni generali e che, in caso di contraddizione con queste, avranno prevalenza.<\/p>\n<p>DOGA PARTS si riserva il diritto di modificare, in qualsiasi momento e senza alcun preavviso, la presentazione, la configurazione e il contenuto del Sito Web o le condizioni richieste per il suo accesso e\/o utilizzo, nonch\u00e9 di interrompere, sospendere o terminare l&#8217;accesso al contenuto del Sito Web, senza che l&#8217;Utente possa pretendere alcun indennizzo.<\/p>\n<p>La validit\u00e0 temporale del presente Avviso Legale coincide, pertanto, con il tempo della sua esposizione, fino a quando non sia modificato totalmente o parzialmente, momento in cui avr\u00e0 validit\u00e0 il nuovo Avviso Legale reso disponibile agli Utenti sul presente Sito Web.<\/p>\n<p>L&#8217;accesso, la navigazione e l&#8217;utilizzo del Sito Web da parte di un Utente implicano l&#8217;accettazione esplicita e senza riserve di tutti i termini del presente Avviso Legale e delle eventuali condizioni particolari, avendo la stessa validit\u00e0 e efficacia di qualsiasi contratto concluso per iscritto e firmato. L&#8217;accesso a questo sito web implica l&#8217;accettazione esplicita da parte dell&#8217;Utente delle presenti Condizioni Generali e Particolari di Utilizzo, che possono essere modificate o sostituite dal titolare in qualsiasi momento e senza preavviso.<\/p>\n<ol start=\"3\">\n<li><strong>Accesso<\/strong><\/li>\n<\/ol>\n<p>L&#8217;uso del Sito Web sar\u00e0 gratuito, fatta eccezione per il costo della connessione tramite la relativa rete di telecomunicazioni a cui l&#8217;Utente accede.<\/p>\n<p>DOGA PARTS non \u00e8 responsabile dei danni di qualsiasi tipo causati all&#8217;Utente derivanti da guasti o disconnessioni nelle reti di telecomunicazioni che causino la sospensione, cancellazione o interruzione dell&#8217;accesso al Sito Web.<\/p>\n<ol start=\"4\">\n<li><strong>Condizioni d&#8217;Uso<\/strong><\/li>\n<\/ol>\n<p>La finalit\u00e0 principale di queste Condizioni d&#8217;Uso \u00e8 regolare l&#8217;accesso al Sito Web. Chiunque acceda liberamente al Sito Web \u00e8 tenuto a rispettarle. L&#8217;accesso e la navigazione sul Sito Web implicano l&#8217;accettazione delle stesse in modo esplicito e senza riserve.<\/p>\n<p>L&#8217;Utente si impegna a utilizzare il portale e i suoi servizi e contenuti senza violare le presenti Condizioni d&#8217;Uso, la legislazione vigente, la buona fede e l&#8217;ordine pubblico.<\/p>\n<p>L&#8217;uso eccessivo o abusivo del Sito Web potrebbe comportare il rifiuto di accesso al medesimo. Si considerer\u00e0 uso eccessivo e\/o abusivo tutto ci\u00f2 che vada contro i principi generali della buona fede, della morale e dell&#8217;ordine pubblico, che causi o possa causare danni al Sito Web e\/o a terzi, nonch\u00e9 ai rispettivi interessi, inclusi i diritti d&#8217;autore, e i comportamenti volti a disabilitare o danneggiare il funzionamento e l&#8217;usabilit\u00e0 del Sito Web, nonch\u00e9 quelli che violino qualsiasi istruzione specifica e\/o avviso comunicato da DOGA o dal personale designato a tal fine. In particolare, a titolo meramente esemplificativo, ma non limitativo, non sono consentiti i seguenti comportamenti:<\/p>\n<ol>\n<li>Denigrare i servizi forniti.<\/li>\n<li>L&#8217;utilizzo di virus informatici o qualsiasi altro codice, file o programma progettato o destinato a interrompere, danneggiare o limitare il funzionamento di qualsiasi software, hardware o apparecchiature di telecomunicazione, o a danneggiare o ottenere accesso non autorizzato ai dati o ad altre informazioni del Sito Web o di terzi.<\/li>\n<li>Rimuovere le protezioni tecniche dei programmi informatici o tentare di testare la vulnerabilit\u00e0 di qualsiasi sistema o rete del Sito Web o violare qualsiasi misura di sicurezza o autenticazione.<\/li>\n<li>Utilizzare identit\u00e0 false o impersonare l&#8217;identit\u00e0 di altri nell&#8217;uso del Sito Web, compresa l&#8217;eventuale utilizzo di password o codici di accesso di terzi.<\/li>\n<li>Utilizzare a scopo commerciale i contenuti del Sito Web quando ci\u00f2 non sia espressamente autorizzato.<\/li>\n<li>Associare i contenuti del Sito Web a informazioni di natura pornografica, relative a qualsiasi tipo di sfruttamento di natura razzista, xenofoba o legata al terrorismo o al traffico di armi.<\/li>\n<li>Modificare, comunicare pubblicamente, distribuire, cedere, riprodurre o modificare i contenuti del Sito Web, a meno che possa essere applicata una\n<p> delle eccezioni valide in diritto o sia espressamente autorizzato.<\/li>\n<li>Violare i requisiti tecnici o le specifiche stabilite per l&#8217;accesso al Sito Web.<\/li>\n<li>Promuovere, compiere, sostenere o incoraggiare azioni contrarie alla libera concorrenza o costitutive di concorrenza sleale.<\/li>\n<\/ol>\n<p>DOGA PARTS non \u00e8 in alcun caso responsabile di qualsiasi tipo di informazione, comunicazione, ecc., che abbia origine dall&#8217;Utente o da qualsiasi terza persona o entit\u00e0 e che venga diffusa, trasmessa o esibita attraverso il Portale.<\/p>\n<p>Il funzionamento del Sito Web si basa su server di societ\u00e0 fornitrice di servizi, connessi mediante infrastrutture di comunicazione di carattere pubblico e privato.<\/p>\n<p>L&#8217;accesso al Sito Web pu\u00f2 essere sospeso per motivi tecnici o per cause di forza maggiore, come ad esempio:<\/p>\n<ol>\n<li>Guasti nella fornitura di energia elettrica o telefonica,<\/li>\n<li>Attacchi con virus ai server che supportano il Sito Web,<\/li>\n<li>Errori degli Utenti nell&#8217;accesso al Sito Web,<\/li>\n<li>Incendi, inondazioni, terremoti o altri eventi naturali,<\/li>\n<li>Scioperi o conflitti lavorativi,<\/li>\n<li>Conflitti bellici o altre situazioni di forza maggiore.<\/li>\n<\/ol>\n<p>Tali cause, espresse a titolo esemplificativo, ma non limitativo, hanno carattere imprevedibile o che, se prevedibili, sono inevitabili.<\/p>\n<p>DOGA PARTS si libera da qualsiasi responsabilit\u00e0 quando tali cause si materializzino.<\/p>\n<p>DOGA PARTS si riserva la facolt\u00e0 di apportare, in qualsiasi momento e senza alcun preavviso, modifiche e aggiornamenti alle informazioni contenute nel sito web, alla sua configurazione e presentazione, nonch\u00e9 alle condizioni generali di accesso.<\/p>\n<p>La mancata osservanza di una qualsiasi delle norme incluse nel presente Avviso Legale o della legislazione su cui le stesse si basano, pu\u00f2 comportare la realizzazione di un illecito, una sanzione amministrativa, una violazione o un reato e dar\u00e0 diritto a DOGA PARTS a richiedere, se del caso, la responsabilit\u00e0 nell&#8217;ambito civile, amministrativo, lavorativo o penale che potrebbe corrispondere.<\/p>\n<p>DOGA PARTS dichiara di aver adottato le misure necessarie, nei limiti delle sue possibilit\u00e0 e dello stato della tecnologia, per garantire il funzionamento del Sito Web e rilevare la presenza di virus e altri componenti dannosi per gli Utenti. Tuttavia, l&#8217;Utente deve essere consapevole che le misure di sicurezza dei sistemi informatici su Internet non sono completamente affidabili e che, pertanto, DOGA PARTS non pu\u00f2 garantire l&#8217;assenza di virus o altri elementi che possono causare alterazioni nei sistemi informatici (software e hardware) dell&#8217;Utente o nei suoi documenti e file elettronici contenuti negli stessi, assumendo l&#8217;Utente qualsiasi rischio o danno che potrebbe verificarsi, garantendo, pertanto, l&#8217;indennit\u00e0 di DOGA PARTS a tal proposito. Spetta all&#8217;Utente, in ogni caso, la disponibilit\u00e0 di strumenti adeguati per la rilevazione e la disattivazione di programmi informatici dannosi.<\/p>\n<p>L&#8217;Utente si impegna a non utilizzare il contenuto del sito web per scopi illeciti, contrari a quanto stabilito dal presente Avviso Legale. Non verranno lesi i diritti e gli interessi di terzi, n\u00e9 saranno compiute azioni che possano in qualsiasi modo danneggiare, disabilitare, sovraccaricare o deteriorare il sito web.<\/p>\n<p>Inoltre, DOGA PARTS si riserva il diritto di impedire l&#8217;accesso agli utenti al sito web in caso di violazione o violazione di tali obblighi, nonch\u00e9 delle altre condizioni generali o della legge.<\/p>\n<p>\u00c8 espressamente vietato all&#8217;utente utilizzare i contenuti e i servizi del portale per qualsiasi tipo di scopo commerciale e pubblicitario.<\/p>\n<p>DOGA PARTS non \u00e8 responsabile in alcun caso di qualsiasi tipo di informazione, comunicazione, ecc., che abbia origine dall&#8217;utente o da qualsiasi terza persona o entit\u00e0 e che venga diffusa, trasmessa o esibita attraverso il Portale.<\/p>\n<p>DOGA PARTS si riserva la facolt\u00e0 di apportare, in qualsiasi momento e senza alcun preavviso, modifiche e aggiornamenti alle informazioni contenute nel sito web, alla sua configurazione e presentazione, nonch\u00e9 alle condizioni generali di accesso.<\/p>\n<ol start=\"5\">\n<li><strong>Contenuti incorporati o siti collegati<\/strong><\/li>\n<\/ol>\n<p><strong>Link su altre pagine web con destinazione al Sito Web <\/strong><\/p>\n<p>Se un qualsiasi Utente, entit\u00e0 o sito\/pagina web desiderasse stabilire un qualsiasi tipo di link con destinazione al Sito Web, potr\u00e0 farlo solo indirizzandosi alla Pagina Principale o Home del Sito Web, salvo autorizzazione espressa e per iscritto di DOGA PARTS. Inoltre, il link deve essere assoluto e completo in modo che porti l&#8217;Utente all&#8217;indirizzo URL del Sito Web e comprenda completamente tutta l&#8217;estensione dello schermo della Pagina Principale o Home del Sito Web.<\/p>\n<p>\u00c8 comunque vietato stabilire frame o cornici di qualsiasi tipo che racchiudano il Sito Web o consentano la visualizzazione del suo contenuto tramite indirizzi Internet diversi o nel caso in cui vengano visualizzati insieme a contenuti estranei al Sito Web: (i) possano causare errore, confusione o inganno agli Utenti sulla vera origine dei contenuti, (ii) costituiscano un atto di comparazione o imitazione sleale, (iii) servano per sfruttare la reputazione del marchio e il prestigio di DOGA PARTS o (iv) in qualsiasi altro modo risultino vietati dalla legislazione vigente.<\/p>\n<p>L&#8217;istituzione del link non implica l&#8217;esistenza di relazioni professionali tra DOGA e il proprietario<\/p>\n<p> del sito web di terzi, n\u00e9 l&#8217;accettazione, l&#8217;approvazione, il patrocinio, la verifica o la supervisione da parte di DOGA PARTS dei suoi contenuti o servizi.<\/p>\n<p>DOGA PARTS non autorizza l&#8217;istituzione di link al Sito Web da parte di quei siti web di terzi che contengono materiali, informazioni o contenuti illeciti, illegali, inappropriati o contrari alla morale, all&#8217;ordine pubblico o alle norme sociali generalmente accettate.<\/p>\n<p>Tuttavia, DOGA PARTS non dispone dei mezzi umani e tecnici per conoscere e controllare tutte le informazioni, i contenuti, i prodotti o i servizi forniti dai siti web di terzi che possono aver stabilito link con destinazione al Sito Web, pertanto DOGA PARTS non assume alcun tipo di responsabilit\u00e0 per qualsiasi aspetto relativo a tali siti web di terzi.<\/p>\n<p>DOGA PARTS si riserva il diritto di vietare o disabilitare in qualsiasi momento e immediatamente qualsiasi link al Sito Web, specialmente nei casi di illiceit\u00e0 dell&#8217;attivit\u00e0 o dei contenuti del sito web di terzi in cui \u00e8 incluso il link. Se gli Utenti avessero effettiva conoscenza dell&#8217;illiceit\u00e0 di attivit\u00e0 svolte attraverso questi siti web di terzi, si prega di comunicarlo immediatamente a DOGA PARTS per disabilitare il link di accesso.<\/p>\n<p><strong>Link ad altre pagine web<\/strong><\/p>\n<p>Le menzioni che possono essere fatte nel Sito Web ad altri siti web di terzi, avranno mero carattere informativo. DOGA PARTS non sviluppa n\u00e9 amministra tali pagine n\u00e9 \u00e8 titolare degli indirizzi Internet citati, salvo indicazione espressa. L&#8217;uso di link esterni non implica neanche che DOGA PARTS raccomandi o approvi i contenuti delle pagine di destinazione, n\u00e9 garantisca l&#8217;assenza di virus o altri elementi in essi che possano causare alterazioni nel sistema informatico (hardware e software), nei documenti o nei file dell&#8217;Utente, escludendo qualsiasi responsabilit\u00e0 per i danni di qualsiasi natura causati all&#8217;Utente per questo motivo.<\/p>\n<p>DOGA PARTS non sar\u00e0 responsabile dei contenuti che incorporano, n\u00e9 dei danni o dei pregiudizi derivati dall&#8217;accesso agli stessi, n\u00e9 per quelli generati dai servizi che forniscono.<\/p>\n<p>Se gli Utenti avessero effettiva conoscenza dell&#8217;illiceit\u00e0 di attivit\u00e0 svolte attraverso questi siti collegati, si prega di comunicarlo immediatamente a DOGA PARTS per disabilitare il link di accesso allo stesso.<\/p>\n<ol start=\"6\">\n<li><strong>Propriet\u00e0 Intellettuale e Industriale<\/strong><\/li>\n<\/ol>\n<p>I contenuti, la documentazione, le immagini, i grafici, i marchi, i loghi e il design che compongono questo sito web sono di propriet\u00e0 di DOGA PARTS e sono adeguatamente protetti conformemente alla normativa spagnola e internazionale sulla Propriet\u00e0 Intellettuale, pertanto \u00e8 espressamente vietata la loro riproduzione, utilizzo in qualsiasi forma o qualsiasi altra forma di sfruttamento, senza il preventivo ed espresso consenso di DOGA PARTS. In caso contrario, ci\u00f2 dar\u00e0 luogo alle responsabilit\u00e0 legalmente stabilite.<\/p>\n<p>\u00c8 a DOGA PARTS che spetta l&#8217;esercizio esclusivo dei diritti di sfruttamento degli stessi in qualsiasi forma e, in particolare, dei diritti di riproduzione, distribuzione, comunicazione pubblica e trasformazione.<\/p>\n<p>\u00c8 consentita esclusivamente la visualizzazione, stampa e parziale scaricamento dei contenuti del sito web se si verifica una delle seguenti condizioni:<\/p>\n<ul>\n<li>Che sia compatibile con gli scopi del sito web e che vi sia un&#8217;autorizzazione preventiva da parte di DOGA PARTS.<\/li>\n<li>Che sia eseguito con l&#8217;esclusivo scopo di ottenere le informazioni contenute per uso personale e privato. \u00c8 espressamente vietato il loro utilizzo a fini commerciali o per la loro distribuzione, comunicazione pubblica, trasformazione o decompilazione, salvo autorizzazione preventiva.<\/li>\n<li>Che nessuno dei contenuti correlati nel sito web venga modificato in alcun modo.<\/li>\n<li>Che nessun grafico, icona o immagine disponibile sul Sito Web venga utilizzato, copiato o distribuito separatamente dal resto delle immagini che lo accompagnano.<\/li>\n<\/ul>\n<p>Per quanto riguarda le citazioni di prodotti e servizi di terzi, DOGA PARTS riconosce a favore dei loro titolari i corrispondenti diritti di propriet\u00e0 industriale e intellettuale, senza che la loro semplice menzione o apparizione sul sito web implichi l&#8217;esistenza di diritti o responsabilit\u00e0 su di essi.<\/p>\n<p>Le persone o le aziende che inviano qualsiasi tipo di informazione o contenuto a DOGA PARTS si impegnano affinch\u00e9 la stessa sia veritiera e non violi o infranga i diritti di terzi n\u00e9 sia contraria alla legge e all&#8217;ordine pubblico.<\/p>\n<p>Se ritieni che qualsiasi contenuto e\/o informazione di questo sito web violi un diritto legittimo o la normativa vigente, non esitare a contattarci all&#8217;indirizzo postale indicato.<\/p>\n<ol start=\"7\">\n<li><strong>Pubblicazione di norme: Utilizzo e Aggiornamento<\/strong><\/li>\n<\/ol>\n<p>Questo Avviso Legale (insieme alle Condizioni d&#8217;Uso, nonch\u00e9 alla Politica sulla Privacy e sui Cookie) \u00e8 a disposizione di chi accede al Sito Web nella sua qualit\u00e0 di Utente o interessato alle attivit\u00e0 di DOGA PARTS. Coloro che vi accedono possono consultarlo e stamparlo senza bisogno di registrarsi.<\/p>\n<p>Il contenuto delle norme sar\u00e0 adattato in base alle modifiche che si verificheranno nella legislazione applicabile, nella struttura dell&#8217;organizzazione, nei servizi, nel design e nelle specifiche tecniche del Sito Web, nell&#8217;infrastruttura tecnologica, che verranno aggiornate periodicamente e senza preavviso.<\/p>\n<p>In questi termini, ti consigliamo di consultarle periodicamente per verificare le modifiche nel tempo.<\/p>\n<ol start=\"8\">\n<li><strong>Giurisdizione competente e legge applicabile<\/strong><\/li>\n<\/ol>\n<p>Il presente<\/p>\n<p> Avviso Legale \u00e8 disciplinato dalla legislazione spagnola in vigore.<\/p>\n<p>In caso di controversia o conflitto riguardante l&#8217;interpretazione o l&#8217;applicazione di queste norme, i tribunali competenti saranno quelli della residenza dell&#8217;Utente, qualora si tratti di consumatori, ovvero i tribunali della citt\u00e0 di Barcellona, rinunciando espressamente alle parti a qualsiasi altra giurisdizione che potrebbe spettare.<\/p>\n<ol start=\"9\">\n<li><strong>Domande e Dubbi<\/strong><\/li>\n<\/ol>\n<p>Se hai domande o dubbi sulla Privacy Policy, non esitare a contattarci all&#8217;indirizzo email info@dogaparts.es<\/p>\n<ol start=\"10\">\n<li><strong>Ultima revisione<\/strong><\/li>\n<\/ol>\n<p>Questo Avviso Legale \u00e8 stato rivisto per l&#8217;ultima volta il 12\/02\/2024.<br \/>\n<\/html><br \/>\n&#8220;`<\/p>\n","protected":false},"excerpt":{"rendered":"<p>Introduzione Il presente sito web (di seguito, il &#8220;Sito Web&#8221;) \u00e8 di propriet\u00e0 di DOGA PARTS, SL., con P.IVA B58623760, con sede legale in Avinguda de la Tecnolog\u00eda, 4, 08719&#8230;<\/p>\n","protected":false},"author":1,"featured_media":0,"parent":7223,"menu_order":0,"comment_status":"closed","ping_status":"closed","template":"","meta":{"footnotes":""},"class_list":["post-7687","page","type-page","status-publish"],"yoast_head":"<!-- This site is optimized with the Yoast SEO Premium plugin v24.3 (Yoast SEO v27.4) - https:\/\/yoast.com\/product\/yoast-seo-premium-wordpress\/ -->\n<title>AVVISO LEGALE - Doga Parts<\/title>\n<meta name=\"robots\" content=\"index, follow, max-snippet:-1, max-image-preview:large, max-video-preview:-1\" \/>\n<link rel=\"canonical\" href=\"https:\/\/www.dogaparts.es\/it\/inizio\/aviso-legal\/\" \/>\n<meta property=\"og:locale\" content=\"it_IT\" \/>\n<meta property=\"og:type\" content=\"article\" \/>\n<meta property=\"og:title\" content=\"AVVISO LEGALE\" \/>\n<meta property=\"og:description\" content=\"Introduzione Il presente sito web (di seguito, il &#8220;Sito Web&#8221;) \u00e8 di propriet\u00e0 di DOGA PARTS, SL., con P.IVA B58623760, con sede legale in Avinguda de la Tecnolog\u00eda, 4, 08719...\" \/>\n<meta property=\"og:url\" content=\"https:\/\/www.dogaparts.es\/it\/inizio\/aviso-legal\/\" \/>\n<meta property=\"og:site_name\" content=\"Doga Parts\" \/>\n<meta property=\"article:modified_time\" content=\"2024-02-12T10:09:44+00:00\" \/>\n<meta name=\"twitter:card\" content=\"summary_large_image\" \/>\n<meta name=\"twitter:label1\" content=\"Tempo di lettura stimato\" \/>\n\t<meta name=\"twitter:data1\" content=\"12 minuti\" \/>\n<script type=\"application\/ld+json\" class=\"yoast-schema-graph\">{\"@context\":\"https:\\\/\\\/schema.org\",\"@graph\":[{\"@type\":\"WebPage\",\"@id\":\"https:\\\/\\\/www.dogaparts.es\\\/it\\\/inizio\\\/aviso-legal\\\/\",\"url\":\"https:\\\/\\\/www.dogaparts.es\\\/it\\\/inizio\\\/aviso-legal\\\/\",\"name\":\"AVVISO LEGALE - Doga Parts\",\"isPartOf\":{\"@id\":\"https:\\\/\\\/www.dogaparts.es\\\/it\\\/#website\"},\"datePublished\":\"2024-02-12T10:08:39+00:00\",\"dateModified\":\"2024-02-12T10:09:44+00:00\",\"breadcrumb\":{\"@id\":\"https:\\\/\\\/www.dogaparts.es\\\/it\\\/inizio\\\/aviso-legal\\\/#breadcrumb\"},\"inLanguage\":\"it-IT\",\"potentialAction\":[{\"@type\":\"ReadAction\",\"target\":[\"https:\\\/\\\/www.dogaparts.es\\\/it\\\/inizio\\\/aviso-legal\\\/\"]}]},{\"@type\":\"BreadcrumbList\",\"@id\":\"https:\\\/\\\/www.dogaparts.es\\\/it\\\/inizio\\\/aviso-legal\\\/#breadcrumb\",\"itemListElement\":[{\"@type\":\"ListItem\",\"position\":1,\"name\":\"Portada\",\"item\":\"https:\\\/\\\/www.dogaparts.es\\\/it\\\/inizio\\\/\"},{\"@type\":\"ListItem\",\"position\":2,\"name\":\"Inizio\",\"item\":\"https:\\\/\\\/www.dogaparts.es\\\/it\\\/inizio\\\/\"},{\"@type\":\"ListItem\",\"position\":3,\"name\":\"AVVISO LEGALE\"}]},{\"@type\":\"WebSite\",\"@id\":\"https:\\\/\\\/www.dogaparts.es\\\/it\\\/#website\",\"url\":\"https:\\\/\\\/www.dogaparts.es\\\/it\\\/\",\"name\":\"Doga Parts\",\"description\":\"DOGA Automotive Aftermarket\",\"potentialAction\":[{\"@type\":\"SearchAction\",\"target\":{\"@type\":\"EntryPoint\",\"urlTemplate\":\"https:\\\/\\\/www.dogaparts.es\\\/it\\\/?s={search_term_string}\"},\"query-input\":{\"@type\":\"PropertyValueSpecification\",\"valueRequired\":true,\"valueName\":\"search_term_string\"}}],\"inLanguage\":\"it-IT\"}]}<\/script>\n<!-- \/ Yoast SEO Premium plugin. -->","yoast_head_json":{"title":"AVVISO LEGALE - Doga Parts","robots":{"index":"index","follow":"follow","max-snippet":"max-snippet:-1","max-image-preview":"max-image-preview:large","max-video-preview":"max-video-preview:-1"},"canonical":"https:\/\/www.dogaparts.es\/it\/inizio\/aviso-legal\/","og_locale":"it_IT","og_type":"article","og_title":"AVVISO LEGALE","og_description":"Introduzione Il presente sito web (di seguito, il &#8220;Sito Web&#8221;) \u00e8 di propriet\u00e0 di DOGA PARTS, SL., con P.IVA B58623760, con sede legale in Avinguda de la Tecnolog\u00eda, 4, 08719...","og_url":"https:\/\/www.dogaparts.es\/it\/inizio\/aviso-legal\/","og_site_name":"Doga Parts","article_modified_time":"2024-02-12T10:09:44+00:00","twitter_card":"summary_large_image","twitter_misc":{"Tempo di lettura stimato":"12 minuti"},"schema":{"@context":"https:\/\/schema.org","@graph":[{"@type":"WebPage","@id":"https:\/\/www.dogaparts.es\/it\/inizio\/aviso-legal\/","url":"https:\/\/www.dogaparts.es\/it\/inizio\/aviso-legal\/","name":"AVVISO LEGALE - Doga Parts","isPartOf":{"@id":"https:\/\/www.dogaparts.es\/it\/#website"},"datePublished":"2024-02-12T10:08:39+00:00","dateModified":"2024-02-12T10:09:44+00:00","breadcrumb":{"@id":"https:\/\/www.dogaparts.es\/it\/inizio\/aviso-legal\/#breadcrumb"},"inLanguage":"it-IT","potentialAction":[{"@type":"ReadAction","target":["https:\/\/www.dogaparts.es\/it\/inizio\/aviso-legal\/"]}]},{"@type":"BreadcrumbList","@id":"https:\/\/www.dogaparts.es\/it\/inizio\/aviso-legal\/#breadcrumb","itemListElement":[{"@type":"ListItem","position":1,"name":"Portada","item":"https:\/\/www.dogaparts.es\/it\/inizio\/"},{"@type":"ListItem","position":2,"name":"Inizio","item":"https:\/\/www.dogaparts.es\/it\/inizio\/"},{"@type":"ListItem","position":3,"name":"AVVISO LEGALE"}]},{"@type":"WebSite","@id":"https:\/\/www.dogaparts.es\/it\/#website","url":"https:\/\/www.dogaparts.es\/it\/","name":"Doga Parts","description":"DOGA Automotive Aftermarket","potentialAction":[{"@type":"SearchAction","target":{"@type":"EntryPoint","urlTemplate":"https:\/\/www.dogaparts.es\/it\/?s={search_term_string}"},"query-input":{"@type":"PropertyValueSpecification","valueRequired":true,"valueName":"search_term_string"}}],"inLanguage":"it-IT"}]}},"_links":{"self":[{"href":"https:\/\/www.dogaparts.es\/it\/wp-json\/wp\/v2\/pages\/7687","targetHints":{"allow":["GET"]}}],"collection":[{"href":"https:\/\/www.dogaparts.es\/it\/wp-json\/wp\/v2\/pages"}],"about":[{"href":"https:\/\/www.dogaparts.es\/it\/wp-json\/wp\/v2\/types\/page"}],"author":[{"embeddable":true,"href":"https:\/\/www.dogaparts.es\/it\/wp-json\/wp\/v2\/users\/1"}],"replies":[{"embeddable":true,"href":"https:\/\/www.dogaparts.es\/it\/wp-json\/wp\/v2\/comments?post=7687"}],"version-history":[{"count":0,"href":"https:\/\/www.dogaparts.es\/it\/wp-json\/wp\/v2\/pages\/7687\/revisions"}],"up":[{"embeddable":true,"href":"https:\/\/www.dogaparts.es\/it\/wp-json\/wp\/v2\/pages\/7223"}],"wp:attachment":[{"href":"https:\/\/www.dogaparts.es\/it\/wp-json\/wp\/v2\/media?parent=7687"}],"curies":[{"name":"wp","href":"https:\/\/api.w.org\/{rel}","templated":true}]}}